{"id":37059,"date":"2023-07-08T09:49:36","date_gmt":"2023-07-08T09:49:36","guid":{"rendered":"https:\/\/stelios-studios.gr\/?page_id=37059"},"modified":"2023-07-08T11:24:10","modified_gmt":"2023-07-08T11:24:10","slug":"contact-us","status":"publish","type":"page","link":"https:\/\/stelios-studios.gr\/de\/contact-us\/","title":{"rendered":"Kontaktieren Sie Uns"},"content":{"rendered":"<div data-elementor-type=\"wp-page\" data-elementor-id=\"37059\" class=\"elementor elementor-37059\">\n\t\t\t\t\t\t\t\t\t<section data-particle_enable=\"false\" data-particle-mobile-disabled=\"false\" class=\"elementor-section elementor-top-section elementor-element elementor-element-0c9f383 elementor-section-stretched elementor-section-boxed elementor-section-height-default elementor-section-height-default\" data-id=\"0c9f383\" data-element_type=\"section\" id=\"contact\" data-settings=\"{&quot;stretch_section&quot;:&quot;section-stretched&quot;,&quot;background_background&quot;:&quot;classic&quot;,&quot;shape_divider_top&quot;:&quot;mountains&quot;}\">\n\t\t\t\t\t<div class=\"elementor-shape elementor-shape-top\" data-negative=\"false\">\n\t\t\t<svg xmlns=\"http:\/\/www.w3.org\/2000\/svg\" viewbox=\"0 0 1000 100\" preserveaspectratio=\"none\">\n\t<path class=\"elementor-shape-fill\" opacity=\"0.33\" d=\"M473,67.3c-203.9,88.3-263.1-34-320.3,0C66,119.1,0,59.7,0,59.7V0h1000v59.7 c0,0-62.1,26.1-94.9,29.3c-32.8,3.3-62.8-12.3-75.8-22.1C806,49.6,745.3,8.7,694.9,4.7S492.4,59,473,67.3z\"\/>\n\t<path class=\"elementor-shape-fill\" opacity=\"0.66\" d=\"M734,67.3c-45.5,0-77.2-23.2-129.1-39.1c-28.6-8.7-150.3-10.1-254,39.1 s-91.7-34.4-149.2,0C115.7,118.3,0,39.8,0,39.8V0h1000v36.5c0,0-28.2-18.5-92.1-18.5C810.2,18.1,775.7,67.3,734,67.3z\"\/>\n\t<path class=\"elementor-shape-fill\" d=\"M766.1,28.9c-200-57.5-266,65.5-395.1,19.5C242,1.8,242,5.4,184.8,20.6C128,35.8,132.3,44.9,89.9,52.5C28.6,63.7,0,0,0,0 h1000c0,0-9.9,40.9-83.6,48.1S829.6,47,766.1,28.9z\"\/>\n<\/svg>\t\t<\/div>\n\t\t\t\t\t<div class=\"elementor-container elementor-column-gap-no\">\n\t\t\t\t\t<div class=\"elementor-column elementor-col-100 elementor-top-column elementor-element elementor-element-9b58324\" data-id=\"9b58324\" data-element_type=\"column\">\n\t\t\t<div class=\"elementor-widget-wrap elementor-element-populated\">\n\t\t\t\t\t\t\t\t<section data-particle_enable=\"false\" data-particle-mobile-disabled=\"false\" class=\"elementor-section elementor-inner-section elementor-element elementor-element-acdae21 elementor-section-boxed elementor-section-height-default elementor-section-height-default\" data-id=\"acdae21\" data-element_type=\"section\">\n\t\t\t\t\t\t<div class=\"elementor-container elementor-column-gap-default\">\n\t\t\t\t\t<div class=\"elementor-column elementor-col-100 elementor-inner-column elementor-element elementor-element-424540e\" data-id=\"424540e\" data-element_type=\"column\">\n\t\t\t<div class=\"elementor-widget-wrap elementor-element-populated\">\n\t\t\t\t\t\t\t\t<div class=\"elementor-element elementor-element-d6ef867 elementor-invisible elementor-widget elementor-widget-heading\" data-id=\"d6ef867\" data-element_type=\"widget\" data-settings=\"{&quot;_animation&quot;:&quot;fadeIn&quot;,&quot;_animation_delay&quot;:200}\" data-widget_type=\"heading.default\">\n\t\t\t\t<div class=\"elementor-widget-container\">\n\t\t\t<style>\/*! elementor - v3.13.2 - 11-05-2023 *\/\n.elementor-heading-title{padding:0;margin:0;line-height:1}.elementor-widget-heading .elementor-heading-title[class*=elementor-size-]>a{color:inherit;font-size:inherit;line-height:inherit}.elementor-widget-heading .elementor-heading-title.elementor-size-small{font-size:15px}.elementor-widget-heading .elementor-heading-title.elementor-size-medium{font-size:19px}.elementor-widget-heading .elementor-heading-title.elementor-size-large{font-size:29px}.elementor-widget-heading .elementor-heading-title.elementor-size-xl{font-size:39px}.elementor-widget-heading .elementor-heading-title.elementor-size-xxl{font-size:59px}<\/style><h2 class=\"elementor-heading-title elementor-size-default\">Kontaktieren Sie uns f\u00fcr alle Informationen<br> Stelios Studios in Stegna<\/h2>\t\t<\/div>\n\t\t\t\t<\/div>\n\t\t\t\t<div class=\"elementor-element elementor-element-bafb1a5 elementor-invisible elementor-widget elementor-widget-heading\" data-id=\"bafb1a5\" data-element_type=\"widget\" data-settings=\"{&quot;_animation&quot;:&quot;fadeIn&quot;,&quot;_animation_delay&quot;:200}\" data-widget_type=\"heading.default\">\n\t\t\t\t<div class=\"elementor-widget-container\">\n\t\t\t<p class=\"elementor-heading-title elementor-size-default\">Mit einigen Fragen, bevor Sie Ihren Aufenthalt buchen? Sie k\u00f6nnen Fragen, was Sie wollen, bevor Buchung und wir werden Antwort Sie innerhalb von Minuten!<\/p>\t\t<\/div>\n\t\t\t\t<\/div>\n\t\t\t\t\t<\/div>\n\t\t<\/div>\n\t\t\t\t\t\t\t<\/div>\n\t\t<\/section>\n\t\t\t\t<section data-particle_enable=\"false\" data-particle-mobile-disabled=\"false\" class=\"elementor-section elementor-inner-section elementor-element elementor-element-64940e1 elementor-section-boxed elementor-section-height-default elementor-section-height-default\" data-id=\"64940e1\" data-element_type=\"section\">\n\t\t\t\t\t\t<div class=\"elementor-container elementor-column-gap-default\">\n\t\t\t\t\t<div class=\"elementor-column elementor-col-50 elementor-inner-column elementor-element elementor-element-b6f4d0d elementor-invisible\" data-id=\"b6f4d0d\" data-element_type=\"column\" data-settings=\"{&quot;background_background&quot;:&quot;classic&quot;,&quot;animation&quot;:&quot;fadeIn&quot;,&quot;animation_delay&quot;:200}\">\n\t\t\t<div class=\"elementor-widget-wrap elementor-element-populated\">\n\t\t\t\t\t\t\t\t<div class=\"elementor-element elementor-element-5e51551 elementor-widget elementor-widget-heading\" data-id=\"5e51551\" data-element_type=\"widget\" data-widget_type=\"heading.default\">\n\t\t\t\t<div class=\"elementor-widget-container\">\n\t\t\t<h3 class=\"elementor-heading-title elementor-size-default\">Wir erhalten zur\u00fcck zu Sie schnell!<\/h3>\t\t<\/div>\n\t\t\t\t<\/div>\n\t\t\t\t<div class=\"elementor-element elementor-element-43e0b15 elementor-button-align-stretch elementor-widget elementor-widget-WpRentals_Contact_Form_Builder\" data-id=\"43e0b15\" data-element_type=\"widget\" data-widget_type=\"WpRentals_Contact_Form_Builder.default\">\n\t\t\t\t<div class=\"elementor-widget-container\">\n\t\t\t\n\n\n\n\n\t\t\t<form class=\"elementor-form wprentals_elementor_form\"  id=\"wprentals-elementor-form-43e0b15\" method=\"post\" action=\"\" >\n            <div id=\"booking_form_request_mess_modal\"><\/div>\n\n            <input name=\"prop_id\" type=\"hidden\"  id=\"contact_form_elementor\" value=\"1\">\n            <input type=\"hidden\" name=\"contact_ajax_nonce\" id=\"agent_property_ajax_nonce\"  value=\"59b77cc0b6\" \/>\n\n            <input type=\"hidden\" id=\"elementor_email_subject\" name=\"email_suject\" value=\"New email from &quot;Booking Website for Single Owner&quot; \" \/>\n\n\t\t\t\t\t\t<div class=\"elementor-form-fields-wrapper elementor-labels-above\">\n\t\t\t\t\t\t\t\t<div class=\"elementor-field-group elementor-column form-group elementor-field-group-name elementor-col-100\"><label for=\"form-field-name\" class=\"elementor-field-label elementor-screen-only\">Name<\/label><input type=\"text\" name=\"name\" id=\"rentals_contact_builder_name\" class=\"elementor-field form-control elementor-size-sm elementor-field-textual\" placeholder=\"Name\"><\/div><div class=\"elementor-field-group elementor-column form-group elementor-field-group-email elementor-field-required elementor-col-100\"><label for=\"form-field-email\" class=\"elementor-field-label elementor-screen-only\">E-Mail*<\/label><input type=\"email\" name=\"email\" id=\"rentals_contact_builder_email\" class=\"elementor-field form-control elementor-size-sm elementor-field-textual\" required=\"required\" placeholder=\"E-Mail\"><\/div><div class=\"elementor-field-group elementor-column form-group elementor-field-group-booking_from_date elementor-field-required elementor-col-50\"><label for=\"form-field-booking_from_date\" class=\"elementor-field-label elementor-screen-only\">Check-In*<\/label><input type=\"text\" name=\"booking_from_date\" id=\"rentals_contact_builder_booking_from_date\" class=\"elementor-field form-control elementor-size-sm elementor-field-textual\" required=\"required\" placeholder=\"Check-In\"><\/div><div class=\"elementor-field-group elementor-column form-group elementor-field-group-f604079 elementor-field-required elementor-col-50\"><label for=\"form-field-f604079\" class=\"elementor-field-label elementor-screen-only\">Check-Out*<\/label><input type=\"text\" name=\"booking_to_date\" id=\"rentals_contact_builder_booking_to_date\" class=\"elementor-field form-control elementor-size-sm elementor-field-textual\" required=\"required\" placeholder=\"Check-Out\"><\/div><div class=\"elementor-field-group elementor-column form-group elementor-field-group-message elementor-col-100\"><label for=\"form-field-message\" class=\"elementor-field-label elementor-screen-only\">Nachricht<\/label><textarea class=\"form-control elementor-field-textual elementor-field elementor-size-sm\" name=\"message\" id=\"form-field-message\" rows=\"4\" placeholder=\"Nachricht\"><\/textarea><\/div>\n\t\t\t\t\t\t\t\t<div class=\"elementor-field-group elementor-column elementor-field-type-submit elementor-col-100\">\n\t\t\t\t\t\t\t\t\t<div class=\"gpr_wrapper\"><input type=\"checkbox\" id=\"wpestate_agree_gdpr\" class=\"wpestate_agree_gdpr\" name=\"wpestate_agree_gdpr\" \/>\n\t\t\t\t\t\t\t\t\t\t\t\t\t\t<label for=\"wpestate_agree_gdpr\"><a target=\"_blank\" href=\"https:\/\/stelios-studios.gr\/de\/gdpr-terms-and-conditions\/\">Ich willige ein, dass die GDPR Terms<\/a><\/label><\/div>\n\t\t\t\t\t\t\t\t\t\t\t\t\t\t\t\t\t\t\t\t\t<button type=\"submit\" class=\"agent_submit_class_elementor wpresidence_button wprentals_button_elementor elementor-button elementor-size-md\">\n\t\t\t\t\t\t\t\t\t\t\t\t\t\t\t\t\t\t\t\t\t\t\t\tE-Mail Senden\t\t\t\t\t\t\t\t\t\t\t\t\t\t\t\t\t\t\t\t<\/button>\n\n\t\t\t\t\t\t\t\t<\/div>\n\t\t\t\t\t\t<\/div>\n\n\n\n\t\t\t\t<input type=\"hidden\" name=\"trp-form-language\" value=\"de\"\/><\/form>\n        <script>\n\n            jQuery(document).ready(function() {\n           \n                jQuery('input[name=\"booking_from_date\"]').each(function(){             \n                    var item_parent =   jQuery(this).parent().parent();\n                    var in_date     =   item_parent.find('input[name=\"booking_from_date\"]') .attr('id');\n                    var out_date    =   item_parent.find('input[name=\"booking_to_date\"]') .attr('id');\n                    console.log('in_date : '+in_date +\" out_date \"+out_date);\n                    wpestaste_check_in_out_enable_new(in_date, out_date);\n                    \n                });\n                wprentals_elementor_submit_form();\n            });\n        <\/script>\n\n\n\n    \t\t<\/div>\n\t\t\t\t<\/div>\n\t\t\t\t\t<\/div>\n\t\t<\/div>\n\t\t\t\t<div class=\"elementor-column elementor-col-50 elementor-inner-column elementor-element elementor-element-98aeff0 elementor-invisible\" data-id=\"98aeff0\" data-element_type=\"column\" data-settings=\"{&quot;animation&quot;:&quot;fadeIn&quot;,&quot;animation_delay&quot;:200}\">\n\t\t\t<div class=\"elementor-widget-wrap elementor-element-populated\">\n\t\t\t\t\t\t\t\t<div class=\"elementor-element elementor-element-dfc19e0 elementor-widget elementor-widget-text-editor\" data-id=\"dfc19e0\" data-element_type=\"widget\" data-widget_type=\"text-editor.default\">\n\t\t\t\t<div class=\"elementor-widget-container\">\n\t\t\t<style>\/*! elementor - v3.13.2 - 11-05-2023 *\/\n.elementor-widget-text-editor.elementor-drop-cap-view-stacked .elementor-drop-cap{background-color:#69727d;color:#fff}.elementor-widget-text-editor.elementor-drop-cap-view-framed .elementor-drop-cap{color:#69727d;border:3px solid;background-color:transparent}.elementor-widget-text-editor:not(.elementor-drop-cap-view-default) .elementor-drop-cap{margin-top:8px}.elementor-widget-text-editor:not(.elementor-drop-cap-view-default) .elementor-drop-cap-letter{width:1em;height:1em}.elementor-widget-text-editor .elementor-drop-cap{float:left;text-align:center;line-height:1;font-size:50px}.elementor-widget-text-editor .elementor-drop-cap-letter{display:inline-block}<\/style>\t\t\t\t<h3><strong>Wie schnell Antworten Sie?<\/strong><\/h3><p>Wir in der Regel Antworten innerhalb von Minuten auf alle neuen Nachrichten.\u00a0\u00a0<\/p>\t\t\t\t\t\t<\/div>\n\t\t\t\t<\/div>\n\t\t\t\t<div class=\"elementor-element elementor-element-a46db9c elementor-widget elementor-widget-text-editor\" data-id=\"a46db9c\" data-element_type=\"widget\" data-widget_type=\"text-editor.default\">\n\t\t\t\t<div class=\"elementor-widget-container\">\n\t\t\t\t\t\t\t<h3><strong>Kann ich mein Haustier mitbringen?<\/strong><\/h3><p>Leider ist unsere Eigenschaft ist nicht tierfreundlich. Mit Folgen bestimmter Vorschriften \u00fcber Allergien, k\u00f6nnen wir nicht akzeptieren Ihre vierbeinigen Freunde, trotz wirklich zu wollen!<\/p>\t\t\t\t\t\t<\/div>\n\t\t\t\t<\/div>\n\t\t\t\t<div class=\"elementor-element elementor-element-b6a7679 elementor-widget elementor-widget-text-editor\" data-id=\"b6a7679\" data-element_type=\"widget\" data-widget_type=\"text-editor.default\">\n\t\t\t\t<div class=\"elementor-widget-container\">\n\t\t\t\t\t\t\t<h3><strong>Wie viele G\u00e4ste kommen?<\/strong><\/h3><p>K\u00f6nnen wir Platz f\u00fcr bis zu 2 Personen pro studio. Die G\u00e4ste m\u00fcssen mindestens 22 Jahre alt sein, um check-in. Es gibt keine Babybetten oder Zustellbetten zur Verf\u00fcgung.<\/p>\t\t\t\t\t\t<\/div>\n\t\t\t\t<\/div>\n\t\t\t\t\t<\/div>\n\t\t<\/div>\n\t\t\t\t\t\t\t<\/div>\n\t\t<\/section>\n\t\t\t\t\t<\/div>\n\t\t<\/div>\n\t\t\t\t\t\t\t<\/div>\n\t\t<\/section>\n\t\t\t\t<section data-particle_enable=\"false\" data-particle-mobile-disabled=\"false\" class=\"elementor-section elementor-top-section elementor-element elementor-element-14dba9b elementor-section-boxed elementor-section-height-default elementor-section-height-default\" data-id=\"14dba9b\" data-element_type=\"section\">\n\t\t\t\t\t\t<div class=\"elementor-container elementor-column-gap-default\">\n\t\t\t\t\t<div class=\"elementor-column elementor-col-100 elementor-top-column elementor-element elementor-element-a859869\" data-id=\"a859869\" data-element_type=\"column\">\n\t\t\t<div class=\"elementor-widget-wrap elementor-element-populated\">\n\t\t\t\t\t\t\t\t<div class=\"elementor-element elementor-element-f8eb03d elementor-widget elementor-widget-embedpres_elementor\" data-id=\"f8eb03d\" data-element_type=\"widget\" data-widget_type=\"embedpres_elementor.default\">\n\t\t\t\t<div class=\"elementor-widget-container\">\n\t\t\t\n\t\t<div class=\"embedpress-elements-wrapper\" id=\"ep-elements-id-f8eb03d\">\n\t\t\t\n\t\t\t\t<div id=\"ep-elementor-content-f8eb03d\" class=\"ep-elementor-content    ep-content-protection-disabled source-default\">\n\t\t\t\t\t<div id=\"f8eb03d\" class=\"ep-embed-content-wraper\" data-playerid=\"f8eb03d\" >\n\t\t\t\t\t\t<div class=\"ose-google-maps ose-uid-8ddbfad2311bbba0b94b28720a86b926 ose-embedpress-responsive\" style=\"width:1080px; height:550px; max-height:550px; max-width:100%; display:inline-block;\"><iframe allowfullscreen=\"true\" src=\"https:\/\/www.google.com\/maps\/embed?pb=!1m14!1m8!1m3!1d1609.5495046525987!2d28.140619282592276!3d36.212788348071804!3m2!1i1024!2i768!4f13.1!3m3!1m2!1s0x14956dbc8f2b5e81%3A0x66e5b6f0de2c2d61!2sStelios%20Studios!5e0!3m2!1sen!2sgr!4v1688815092570!5m2!1sen!2sgr\" width=\"1080\" height=\"550\" style=\"border:0;\" loading=\"lazy\" referrerpolicy=\"no-referrer-when-downgrade\"><\/iframe><\/div>\n\t\t\t<script>\n\t\t\t\tif (typeof gie === 'function') {\n\t\t\t\t\tgie(function(){\n\t\t\t\t\t\tvar iframe = document.querySelector('.ose-embedpress-responsive iframe');\n\t\t\t\t\t\tif(iframe && !iframe.getAttribute('title')){\n\t\t\t\t\t\t\tiframe.setAttribute('title', '')\n\t\t\t\t\t\t}\n\t\t\t\t\t});\n\t\t\t\t}\n\t\t\t<\/script>\n\t\t\t\t\t\t\t<\/div>\n\t\t\t\t<\/div>\n\t\t\t\t\t<\/div>\n\n\n\t\t\n\t\t<\/div>\n\t\t\t\t<\/div>\n\t\t\t\t\t<\/div>\n\t\t<\/div>\n\t\t\t\t\t\t\t<\/div>\n\t\t<\/section>\n\t\t\t\t\t\t\t<\/div>","protected":false},"excerpt":{"rendered":"<p>Contact us for any information about Stelios Studios in Stegna Having some questions before you book your stay? You can ask anything you want before booking and we will answer you within minutes! We will get back to you quickly! NameEmail*Check-In*Check-Out*Message I consent to the GDPR Terms Send Email How quickly do you answer? We &#8230;<\/p>","protected":false},"author":1,"featured_media":0,"parent":0,"menu_order":0,"comment_status":"closed","ping_status":"closed","template":"elementor_header_footer","meta":{"_mi_skip_tracking":false,"footnotes":""},"class_list":["post-37059","page","type-page","status-publish","hentry"],"_links":{"self":[{"href":"https:\/\/stelios-studios.gr\/de\/wp-json\/wp\/v2\/pages\/37059","targetHints":{"allow":["GET"]}}],"collection":[{"href":"https:\/\/stelios-studios.gr\/de\/wp-json\/wp\/v2\/pages"}],"about":[{"href":"https:\/\/stelios-studios.gr\/de\/wp-json\/wp\/v2\/types\/page"}],"author":[{"embeddable":true,"href":"https:\/\/stelios-studios.gr\/de\/wp-json\/wp\/v2\/users\/1"}],"replies":[{"embeddable":true,"href":"https:\/\/stelios-studios.gr\/de\/wp-json\/wp\/v2\/comments?post=37059"}],"version-history":[{"count":41,"href":"https:\/\/stelios-studios.gr\/de\/wp-json\/wp\/v2\/pages\/37059\/revisions"}],"predecessor-version":[{"id":37124,"href":"https:\/\/stelios-studios.gr\/de\/wp-json\/wp\/v2\/pages\/37059\/revisions\/37124"}],"wp:attachment":[{"href":"https:\/\/stelios-studios.gr\/de\/wp-json\/wp\/v2\/media?parent=37059"}],"curies":[{"name":"wp","href":"https:\/\/api.w.org\/{rel}","templated":true}]}}