{"id":35042,"date":"2019-08-06T10:53:44","date_gmt":"2019-08-06T10:53:44","guid":{"rendered":"https:\/\/main.wprentals.org\/?page_id=35042"},"modified":"2023-07-08T09:45:16","modified_gmt":"2023-07-08T09:45:16","slug":"gdpr-terms-and-conditions","status":"publish","type":"page","link":"https:\/\/stelios-studios.gr\/de\/gdpr-terms-and-conditions\/","title":{"rendered":"GDPR Gesch\u00e4ftsbedingungen"},"content":{"rendered":"<h1 class=\"entry-title\">GDPR Terms &amp; Conditions<\/h1>\n<div class=\"single-content\">\n<p>Zuletzt aktualisiert: [20\/05\/2023]<\/p>\n<p>Bitte Lesen Sie diese Nutzungsbedingungen (&#034;Nutzungsbedingungen&#034;) sorgf\u00e4ltig durch, bevor Sie mit der <a href=\"https:\/\/stelios-studios.gr\/de\/\" target=\"_new\" rel=\"noopener\">www.stelios-studios.gr<\/a> website (die &#034;website&#034;) wird betrieben von Sonne Erreichen Villen (&#034;uns&#034;, &#034;wir&#034; oder &#034;unser&#034;).<\/p>\n<p>Durch den Zugriff auf oder die Verwendung der Website, Sie Stimmen zu werden gebunden durch diese Bedingungen. Wenn Sie nicht mit irgendeinem Teil der Bedingungen, dann k\u00f6nnen Sie nicht auf die Website zugreifen.<\/p>\n<p><strong>1. Datenschutz und GDPR<\/strong><\/p>\n<p>1.1 Wir respektieren Ihre Privatsph\u00e4re und verpflichten uns zum Schutz Ihrer pers\u00f6nlichen Daten im Einklang mit den geltenden datenschutzrechtlichen Bestimmungen, einschlie\u00dflich der Datenschutz-Grundverordnung (GDPR). Unsere Datenschutzrichtlinie erl\u00e4utert, wie wir sammeln, verwenden, speichern und \u00fcbermitteln Ihre personenbezogene Daten, wenn Sie mieten unser Eigentum villa. Durch die Nutzung unserer Website und die Vermietung unserer Immobilie villa, Stimmen Sie der Verarbeitung Ihrer personenbezogenen Daten wie in unserer Datenschutzrichtlinie beschrieben.<\/p>\n<p>1.2 Wenn Sie ein Einwohner des europ\u00e4ischen Wirtschaftsraums (EWR) oder der Zugriff auf die Website aus dem EWR, haben Sie bestimmte Rechte gem\u00e4\u00df der GDPR \u00fcber die Verarbeitung Ihrer personenbezogenen Daten. F\u00fcr weitere Informationen \u00fcber Ihre Rechte und wie Sie diese aus\u00fcben, Lesen Sie bitte unsere Datenschutzrichtlinie.<\/p>\n<p><strong>2. Buchung und Mietvertrag<\/strong><\/p>\n<p>2.1 Wenn Sie eine Buchung f\u00fcr unser Grundst\u00fcck villa durch die Website, die Sie geben Sie in einen Mietvertrag mit uns. Der Mietvertrag enth\u00e4lt die Bedingungen f\u00fcr die Vermietung der Immobilie villa, einschlie\u00dflich der Mietzeit, Mietpreis, Zahlungsbedingungen und zus\u00e4tzliche Regeln oder Anforderungen.<\/p>\n<p>2.2 Durch die Buchung und Bereitstellung Ihrer pers\u00f6nlichen Daten Stimmen Sie der Verarbeitung Ihrer personenbezogenen Daten zum Zweck der Erf\u00fcllung des Mietvertrages, einschlie\u00dflich der Kommunikation bez\u00fcglich der Buchung, Zahlung Verarbeitung, und bieten Sie mit Informationen zu Ihrem Aufenthalt.<\/p>\n<p>2.3 Wir k\u00f6nnen Ihre personenbezogenen Daten mit Drittanbieter-Dienstleister, wie z.B. Zahlung Prozessoren oder Eigenschaft-management-Unternehmen, als notwendig, um die Buchung und Vermietung Prozess. Diese dritt-service-Provider sind erforderlich, um zu verarbeiten Ihre personenbezogenen Daten in \u00fcbereinstimmung mit den geltenden Datenschutzgesetzen.<\/p>\n<p><strong>3. Sicherheitsma\u00dfnahmen<\/strong><\/p>\n<p>3.1 Wir wenden angemessene Sicherheitsma\u00dfnahmen zum Schutz Ihrer personenbezogenen Daten und der Gew\u00e4hrleistung der Vertraulichkeit und Integrit\u00e4t der Informationen, die wir sammeln \u00fcber die Webseite.<\/p>\n<p>3.2 beachten Sie Jedoch bitte, dass keine Sicherheitsma\u00dfnahmen perfekt oder undurchdringlich sind. Wir k\u00f6nnen nicht garantieren, die Sicherheit Ihrer pers\u00f6nlichen Daten an die Website \u00fcbermittelten, und jede \u00fcbertragung erfolgt auf Ihr eigenes Risiko. Wir empfehlen, dass Sie nehmen entsprechende Vorsichtsma\u00dfnahmen zum Schutz Ihrer pers\u00f6nlichen Daten, wie die Verwendung starker Passw\u00f6rter und h\u00e4lt Sie geheim.<\/p>\n<p><strong>4. Ihre Aufgaben<\/strong><\/p>\n<p>4.1 Durch die Vermietung unserer Immobilie villa, erkl\u00e4ren Sie sich einverstanden, alle geltenden Gesetze und Vorschriften, einschlie\u00dflich aller lokalen Vorschriften und Bestimmungen, die gelten k\u00f6nnen w\u00e4hrend Ihres Aufenthalts.<\/p>\n<p>4.2 Sie sind verantwortlich f\u00fcr die Bereitstellung genaue und up-to-date Informationen, wenn Sie eine Buchung, einschlie\u00dflich Ihrer Kontaktinformationen und alle speziellen Anforderungen oder Anforderungen.<\/p>\n<p>4.3 Sie Stimmen zu, behandeln die Eigenschaft villa und Ihre Ausstattung mit Sorgfalt und Respekt und halten, um zus\u00e4tzliche Regeln oder Anweisungen von uns gestellt, w\u00e4hrend Ihres Aufenthaltes.<\/p>\n<p><strong>5. Haftungsbeschr\u00e4nkung<\/strong><\/p>\n<p>5.1 die gesetzlich zul\u00e4ssigen Ausma\u00df sind wir nicht haftbar f\u00fcr irgendwelche direkten, indirekten, zuf\u00e4lligen, speziellen, Folge-oder Exemplarische Sch\u00e4den, einschlie\u00dflich, aber nicht beschr\u00e4nkt auf, Sch\u00e4den f\u00fcr Verlust von Gewinn, goodwill, Nutzung, Daten oder andere immaterielle Verluste, die sich aus oder im Zusammenhang mit der Nutzung oder der Unf\u00e4higkeit zur Nutzung der Website oder der Vermietung von Eigentum an die villa.<\/p>\n<p><strong>6. \u00c4nderungen der AGB<\/strong><\/p>\n<p>6.1 Wir behalten uns das Recht zu \u00e4ndern oder aktualisieren, diese AGB jederzeit und ohne Vorherige Ank\u00fcndigung. \u00c4nderungen der AGB werden auf der Website ver\u00f6ffentlicht, und Ihre fortgesetzte Nutzung der Website nach \u00e4nderungen erkl\u00e4ren Sie Ihr Einverst\u00e4ndnis mit diesen \u00e4nderungen.<\/p>\n<p><strong>7. Anwendbares Recht und Gerichtsstand<\/strong><\/p>\n<p>7.1 Diese Gesch\u00e4ftsbedingungen unterliegen und sind in \u00fcbereinstimmung mit den Gesetzen von [Staat\/Land]. Streitigkeiten, die aus oder im Zusammenhang mit diesen Gesch\u00e4ftsbedingungen unterliegen der ausschlie\u00dflichen Zust\u00e4ndigkeit der Gerichte von [Staat\/Land].<\/p>\n<p>Bitte Kontaktieren Sie uns unter [E-Mail-Kontakt] wenn Sie Fragen haben oder Bedenken in Bezug auf diese Bedingungen und Bedingungen.<\/p>\n<\/div>","protected":false},"excerpt":{"rendered":"<p>GDPR Terms &amp; Conditions Last updated: [20\/05\/2023] Please read these Terms and Conditions (&#8220;Terms&#8221;) carefully before using the www.stelios-studios.gr website (the &#8220;Website&#8221;) operated by Sun&#8217;s Reach Villas (&#8220;us,&#8221; &#8220;we,&#8221; or &#8220;our&#8221;). By accessing or using the Website, you agree to be bound by these Terms. If you disagree with any part of the Terms, then &#8230;<\/p>","protected":false},"author":1,"featured_media":0,"parent":0,"menu_order":0,"comment_status":"closed","ping_status":"closed","template":"gdpr_terms.php","meta":{"_mi_skip_tracking":false,"footnotes":""},"class_list":["post-35042","page","type-page","status-publish","hentry"],"_links":{"self":[{"href":"https:\/\/stelios-studios.gr\/de\/wp-json\/wp\/v2\/pages\/35042","targetHints":{"allow":["GET"]}}],"collection":[{"href":"https:\/\/stelios-studios.gr\/de\/wp-json\/wp\/v2\/pages"}],"about":[{"href":"https:\/\/stelios-studios.gr\/de\/wp-json\/wp\/v2\/types\/page"}],"author":[{"embeddable":true,"href":"https:\/\/stelios-studios.gr\/de\/wp-json\/wp\/v2\/users\/1"}],"replies":[{"embeddable":true,"href":"https:\/\/stelios-studios.gr\/de\/wp-json\/wp\/v2\/comments?post=35042"}],"version-history":[{"count":2,"href":"https:\/\/stelios-studios.gr\/de\/wp-json\/wp\/v2\/pages\/35042\/revisions"}],"predecessor-version":[{"id":37058,"href":"https:\/\/stelios-studios.gr\/de\/wp-json\/wp\/v2\/pages\/35042\/revisions\/37058"}],"wp:attachment":[{"href":"https:\/\/stelios-studios.gr\/de\/wp-json\/wp\/v2\/media?parent=35042"}],"curies":[{"name":"wp","href":"https:\/\/api.w.org\/{rel}","templated":true}]}}